{"id":999,"date":"2017-04-26T18:29:57","date_gmt":"2017-04-26T15:29:57","guid":{"rendered":"http:\/\/wordpress-emlak-temasi.tema.digital\/v3\/?page_id=999"},"modified":"2017-04-26T18:29:57","modified_gmt":"2017-04-26T15:29:57","slug":"danismanlarimiz","status":"publish","type":"page","link":"http:\/\/bsremlak.com\/index.php\/danismanlarimiz\/","title":{"rendered":"Dan\u0131\u015fmanlar\u0131m\u0131z"},"content":{"rendered":"","protected":false},"excerpt":{"rendered":"","protected":false},"author":2,"featured_media":0,"parent":0,"menu_order":0,"comment_status":"closed","ping_status":"closed","template":"template-agent-grid.php","meta":{"footnotes":""},"class_list":["post-999","page","type-page","status-publish","hentry"],"_links":{"self":[{"href":"http:\/\/bsremlak.com\/index.php\/wp-json\/wp\/v2\/pages\/999","targetHints":{"allow":["GET"]}}],"collection":[{"href":"http:\/\/bsremlak.com\/index.php\/wp-json\/wp\/v2\/pages"}],"about":[{"href":"http:\/\/bsremlak.com\/index.php\/wp-json\/wp\/v2\/types\/page"}],"author":[{"embeddable":true,"href":"http:\/\/bsremlak.com\/index.php\/wp-json\/wp\/v2\/users\/2"}],"replies":[{"embeddable":true,"href":"http:\/\/bsremlak.com\/index.php\/wp-json\/wp\/v2\/comments?post=999"}],"version-history":[{"count":0,"href":"http:\/\/bsremlak.com\/index.php\/wp-json\/wp\/v2\/pages\/999\/revisions"}],"wp:attachment":[{"href":"http:\/\/bsremlak.com\/index.php\/wp-json\/wp\/v2\/media?parent=999"}],"curies":[{"name":"wp","href":"https:\/\/api.w.org\/{rel}","templated":true}]}}